{"id":994,"date":"2021-08-13T07:17:58","date_gmt":"2021-08-13T07:17:58","guid":{"rendered":"https:\/\/www.dabor.org\/join-us\/"},"modified":"2023-01-16T13:57:35","modified_gmt":"2023-01-16T13:57:35","slug":"join-us","status":"publish","type":"page","link":"https:\/\/www.dabor.org\/en\/join-us\/","title":{"rendered":"Join us"},"content":{"rendered":"\t\t<div data-elementor-type=\"wp-page\" data-elementor-id=\"994\" class=\"elementor elementor-994 elementor-62\" data-elementor-post-type=\"page\">\n\t\t\t\t\t\t<section data-particle_enable=\"false\" data-particle-mobile-disabled=\"false\" class=\"elementor-section elementor-top-section elementor-element elementor-element-42d058e elementor-section-boxed elementor-section-height-default elementor-section-height-default\" data-id=\"42d058e\" data-element_type=\"section\" data-e-type=\"section\" data-settings=\"{&quot;background_background&quot;:&quot;classic&quot;}\">\n\t\t\t\t\t\t<div class=\"elementor-container elementor-column-gap-default\">\n\t\t\t\t\t<div class=\"elementor-column elementor-col-33 elementor-top-column elementor-element elementor-element-80be9e5\" data-id=\"80be9e5\" data-element_type=\"column\" data-e-type=\"column\">\n\t\t\t<div class=\"elementor-widget-wrap\">\n\t\t\t\t\t\t\t<\/div>\n\t\t<\/div>\n\t\t\t\t<div class=\"elementor-column elementor-col-66 elementor-top-column elementor-element elementor-element-e944065\" data-id=\"e944065\" data-element_type=\"column\" data-e-type=\"column\">\n\t\t\t<div class=\"elementor-widget-wrap elementor-element-populated\">\n\t\t\t\t\t\t<div class=\"elementor-element elementor-element-5722569 elementor-widget elementor-widget-text-editor\" data-id=\"5722569\" data-element_type=\"widget\" data-e-type=\"widget\" data-widget_type=\"text-editor.default\">\n\t\t\t\t<div class=\"elementor-widget-container\">\n\t\t\t\t\t\t\t\t\t<h2>Join us<\/h2><p>We are delighted with your interest in joining DABOR. Apart from Corporate DABOR participation (capable to attend with up to 10 representatives), Individual Dabor participation is also possible.<\/p><p>The annual contribution for\u00a0<span style=\"font-weight: bold;\">individual DABOR participation<\/span>\u00a0is just \u20ac150.\u00a0 This is an attractive option, since participating in our day event alone is more costly.\u00a0<\/p><p><span style=\"font-weight: bold;\">Corporate DABOR participation<\/span>\u00a0costs \u20ac1,000 per year for up to 10 representatives.\u00a0<\/p><p>The following organisations are our current corporate participants:<\/p><ul style=\"font-size: 18px;\"><li style=\"font-size: 18px;\">ABN AMRO<\/li><li style=\"font-size: 18px;\">Achmea<\/li><li style=\"font-size: 18px;\">ING Bank<\/li><li style=\"font-size: 18px;\">Marsh<\/li><li style=\"font-size: 18px;\">Rabobank<\/li><li style=\"font-size: 18px;\">De Volksbank<\/li><li style=\"font-size: 18px;\">PWC<\/li><li style=\"font-size: 18px;\"><span style=\"background-color: transparent; color: var( --e-global-color-text ); font-family: var( --e-global-typography-secondary-font-family ),Sans-serif; font-weight: var( --e-global-typography-secondary-font-weight );\">Protiviti<\/span><\/li><li style=\"font-size: 18px;\"><span style=\"background-color: transparent; color: var( --e-global-color-text ); font-family: var( --e-global-typography-secondary-font-family ),Sans-serif; font-weight: var( --e-global-typography-secondary-font-weight );\">MN<\/span><\/li><\/ul>\t\t\t\t\t\t\t\t<\/div>\n\t\t\t\t<\/div>\n\t\t\t\t<div class=\"elementor-element elementor-element-04fb837 elementor-widget elementor-widget-shortcode\" data-id=\"04fb837\" data-element_type=\"widget\" data-e-type=\"widget\" data-widget_type=\"shortcode.default\">\n\t\t\t\t<div class=\"elementor-widget-container\">\n\t\t\t\t\t\t\t<div class=\"elementor-shortcode\"><p>\n\n<div class=\"um um-register um-1896\">\n\t<div class=\"um-form\" data-mode=\"register\">\n\t\t<form method=\"post\" action=\"\">\n\t\t\t<div class=\"um-row _um_row_1 \" style=\"margin: 0 0 30px 0;\"><div class=\"um-col-1\"><div  class=\"um-field um-field-block  um-field-block um-field-type_block\" data-key=\"um_block_8_7\"><p class=\"p1\">You can become a DABOR participant (corporate or individual) by completing the registration form below. Please bear with us if this takes a few days, we will come back to you as soon as possible. In case of questions please contact us <a href=\"https:\/\/www.dabor.org\/en\/contact\/\">here<\/a>.<\/p><\/div><div  id=\"um_field_1896_first_name\" class=\"um-field um-field-text  um-field-first_name um-field-text um-field-type_text\" data-key=\"first_name\"><div class=\"um-field-label\"><label for=\"first_name-1896\">First Name<\/label><div class=\"um-clear\"><\/div><\/div><div class=\"um-field-area\"><input  autocomplete=\"off\" class=\"um-form-field valid \" type=\"text\" name=\"first_name-1896\" id=\"first_name-1896\" value=\"\" placeholder=\"\" data-validate=\"\" data-key=\"first_name\"  aria-invalid=\"false\" \/>\n\n\t\t\t\t\t\t<\/div><\/div><div  id=\"um_field_1896_last_name\" class=\"um-field um-field-text  um-field-last_name um-field-text um-field-type_text\" data-key=\"last_name\"><div class=\"um-field-label\"><label for=\"last_name-1896\">Last Name<\/label><div class=\"um-clear\"><\/div><\/div><div class=\"um-field-area\"><input  autocomplete=\"off\" class=\"um-form-field valid \" type=\"text\" name=\"last_name-1896\" id=\"last_name-1896\" value=\"\" placeholder=\"\" data-validate=\"\" data-key=\"last_name\"  aria-invalid=\"false\" \/>\n\n\t\t\t\t\t\t<\/div><\/div><div  id=\"um_field_1896_company\" class=\"um-field um-field-text  um-field-company um-field-text um-field-type_text\" data-key=\"company\"><div class=\"um-field-label\"><label for=\"company-1896\">Company<\/label><div class=\"um-clear\"><\/div><\/div><div class=\"um-field-area\"><input  autocomplete=\"off\" class=\"um-form-field valid \" type=\"text\" name=\"company-1896\" id=\"company-1896\" value=\"\" placeholder=\"\" data-validate=\"\" data-key=\"company\"  aria-invalid=\"false\" \/>\n\n\t\t\t\t\t\t<\/div><\/div><div  id=\"um_field_1896_user_email\" class=\"um-field um-field-text  um-field-user_email um-field-text um-field-type_text\" data-key=\"user_email\"><div class=\"um-field-label\"><label for=\"user_email-1896\">E-mail Address<\/label><div class=\"um-clear\"><\/div><\/div><div class=\"um-field-area\"><input  autocomplete=\"off\" class=\"um-form-field valid \" type=\"text\" name=\"user_email-1896\" id=\"user_email-1896\" value=\"\" placeholder=\"\" data-validate=\"unique_email\" data-key=\"user_email\"  aria-invalid=\"false\" \/>\n\n\t\t\t\t\t\t<\/div><\/div><div  id=\"um_field_1896_user_password\" class=\"um-field um-field-password  um-field-user_password um-field-password um-field-type_password\" data-key=\"user_password\"><div class=\"um-field-label\"><label for=\"user_password-1896\">Password<\/label><div class=\"um-clear\"><\/div><\/div><div class=\"um-field-area\"><input class=\"um-form-field valid \" type=\"password\" name=\"user_password-1896\" id=\"user_password-1896\" value=\"\" placeholder=\"\" data-validate=\"\" data-key=\"user_password\"  aria-invalid=\"false\" \/>\n\n\t\t\t\t\t\t\t<\/div><\/div><\/div><\/div>\n<!-- This file should primarily consist of HTML with a little bit of PHP. -->\n<div class=\"um-field um-field-type_terms_conditions\" data-key=\"use_terms_conditions_agreement\" style=\"display:block;padding:0;\">\n\t<div class=\"um-field-area\">\n\t\t<div class=\"um-gdpr-content\" style=\"display:none;\">\n\t\t\t\n<p><strong>Privacystatement DABOR <\/strong><\/p>\n\n<p>Door middel van dit Privacystatment laat DABOR u weten welke persoonsgegevens we verzamelen ten behoeve van het beheer van de ledenadministratie en het gebruik van onze website(s), waarom we deze gegevens verzamelen en wat we ermee doen. Wij vinden het belangrijk dat er zorgvuldig met uw gegevens wordt omgegaan en zorgen ervoor dat de persoonlijke informatie die u ons verstrekt vertrouwelijk wordt behandeld.<br \/><br \/>In het kort komt onze privacyverklaring er op neer dat we uw persoonsgegevens:<\/p>\n\n<ul class=\"wp-block-list\"><li>alleen gebruiken voor doelen die met u zijn overeengekomen<\/li><li>niet met anderen zullen delen <\/li><li>zorgvuldig beheren en beveiligen<\/li><\/ul>\n\n<p><br \/>Wanneer u vragen heeft die niet in deze privacyverklaring zijn beantwoord, wanneer u suggesties of opmerkingen heeft over de inhoud daarvan of wanneer u klachten heeft over de manier waarop wij met uw persoonsgegevens omgaan, dan komen we graag met u in contact. U kunt hiervoor een email sturen aan <a href=\"mailto:norea@norea.nl\">info@dabor.org<\/a>. Deze privacyverklaring is van toepassing op de registraties en websites van DABOR.<\/p>\n\n<p><strong>Doeleinden<\/strong><\/p>\n\n<p>We verzamelen of gebruiken uw persoonsgegevens niet voor andere doeleinden dan de doeleinden die worden beschreven in de door DABOR vastgestelde verwerkingsdoelstellingen voor persoonsgegevens:<\/p>\n\n<p>1. Het bevorderen van de kwaliteit van de beroepsuitoefening.<\/p>\n\n<p>2. Een platform aanbieden waarin risk professionals samenwerken en van elkaar leren.<\/p>\n\n<p>3. Het organiseren van events, het delen van informatie en het stimuleren van educatie.<\/p>\n\n<p>4. Het helpen ontwikkelen van de professie.<\/p>\n\n<p>5. Het voorlichten van organisaties over nut en noodzaak van risicomanagement.<\/p>\n\n<p>6. Het behartigen van de belangen van risk professionals in Nederland.<\/p>\n\n<p>Concreet gaan we als volgt om met uw persoonsgegevens<\/p>\n\n<ol class=\"wp-block-list\"><li><strong>Het beheren van de ledenadministratie inclusief corporate leden<\/strong><br \/>Hiervoor vragen we de gebruikelijke persoons- en contactgegevens ter identificatie in combinatie met gegevens over de werkkring en factuuradres. Deze informatie wordt tot \u00e9\u00e9n jaar na be\u00ebindiging van het lidmaatschap bewaard.<\/li><li><strong>Het aanmelden voor cursusactiviteiten, trainingen of symposia<\/strong><br \/>Wanneer u ons e-mail of webformulier stuurt wordt deze informatie opgenomen in ons e-mail archief en conform de bewaartermijn in verband met de betreffende financi\u00eble verplichting opgeslagen. Soms vragen wij u naar persoonsgegevens die voor de desbetreffende activiteit relevant zijn. Dit maakt het mogelijk uw vragen te verwerken en uw verzoeken te beantwoorden.<\/li><li><strong>Nieuwsbrieven<\/strong><br \/>Op de website kunt u zich aanmelden voor onze nieuwsbrief. Abonnees van deze nieuwsbrief kunnen zich daarvoor desgewenst afmelden via de afmeldlink onderaan iedere nieuwsbrief. <\/li><\/ol>\n\n<p><strong>Beveiliging<\/strong><br \/>DABOR heeft passende technische en organisatorische maatregelen genomen om de door u verstrekte persoonsgegevens te beschermen tegen onrechtmatig gebruik.<\/p>\n\n<p><br \/><strong>Website bezoek<\/strong><br \/>Wanneer u onze website gebruikt worden de technische kenmerken van uw bezoek in zogenaamde logfiles bijgehouden. Denk hierbij aan de opgevraagde pagina, IP-adres, tijdstip, browsertype en dergelijke. De analyses van deze logfiles worden uitsluitend ter verbetering van de website en de gerelateerde dienstverlening van de DABOR gebruikt en gedurende maximaal 12 maanden bewaard.<\/p>\n\n<p><br \/><strong>Cookies<\/strong><br \/>Cookies zijn kleine <a href=\"https:\/\/www.consuwijzer.nl\/telecom-post\/internet\/privacy\/uitleg-cookies\">stukjes informatie<\/a> die door uw browser worden opgeslagen op uw computer.<br \/>Deze website maakt gebruik van functionele cookies die noodzakelijk zijn om de website goed te laten werken. Daarnaast passen we cookies bijvoorbeeld toe om het gebruik van de website te kunnen analyseren en de gebruikersvriendelijkheid te verbeteren.<\/p>\n\n<p><strong>Inzien en aanpassen persoonsgegevens<\/strong><br \/>U heeft het recht om aan ons te vragen welke persoonsgegevens er van u in onze gegevensbestanden zijn opgeslagen. Wanneer u meent dat die persoonsgegevens niet (langer) juist of volledig zijn, kunt u ons verzoeken uw persoonsgegevens aan te vullen, te verbeteren of te verwijderen. Verzoeken om aanpassingen zullen wij zo spoedig mogelijk behandelen. Indien uw verzoek (nog) niet kan worden uitgevoerd lichten we u gemotiveerd toe waarom dat het geval is. U kunt uw verzoek zenden aan <a href=\"mailto:info@dabor.org\">info@dabor.org<\/a>.<\/p>\n\n<p><strong>Wijzigingen privacystatement<\/strong><br \/>DABOR behoudt zich het recht voor om wijzigingen aan te brengen in de verwerkingsdoelstellingen en het daarop gebaseerde privacystatement. Check daarom regelmatig het privacystatement voor een mogelijke update.<\/p>\n\n<p><strong>Contactgegevens<\/strong><\/p>\n\n<p>De verantwoordelijke voor deze website is:<br \/><strong>DABOR, de beroepsorganisatie van Business &amp; Operationeel Risicomanagers <\/strong><br \/><a href=\"mailto:info@dabor.org\">info@dabor.org<\/a><\/p>\n\t\t<\/div>\n\t\t<a href=\"javascript:void(0);\" class=\"um-toggle-gdpr\" data-toggle-state=\"hidden\"\n\t\t\tdata-toggle-show=\"Show Privacy policy\"\n\t\t\tdata-toggle-hide=\"Hide Privacy policy\">\n\t\t\tShow Privacy policy\t\t<\/a>\n\t<\/div>\n\t<div class=\"um-field-area\">\n\t\t<label class=\"um-field-checkbox\">\n\t\t\t<input type=\"checkbox\" name=\"use_gdpr_agreement\" value=\"1\">\n\t\t\t<span class=\"um-field-checkbox-state\"><i class=\"um-icon-android-checkbox-outline-blank\"><\/i><\/span>\n\t\t\t<span class=\"um-field-checkbox-option\">I agree with the privacy policy<\/span>\n\t\t<\/label>\n\t\t<div class=\"um-clear\"><\/div>\n\t\t\t\t<div class=\"um-clear\"><\/div>\n\t<\/div>\n<\/div>\n\t<input type=\"hidden\" name=\"form_id\" id=\"form_id_1896\" value=\"1896\" \/>\n\t\t<p class=\"um_request_name\">\n\t\t<label for=\"um_request_1896\">Only fill in if you are not human<\/label>\n\t\t<input type=\"hidden\" name=\"um_request\" id=\"um_request_1896\" class=\"input\" value=\"\" size=\"25\" autocomplete=\"off\" \/>\n\t<\/p>\n\t<input type=\"hidden\" id=\"_wpnonce\" name=\"_wpnonce\" value=\"6a21bf7783\" \/><input type=\"hidden\" name=\"_wp_http_referer\" value=\"\/en\/wp-json\/wp\/v2\/pages\/994\" \/>\n<div class=\"g-recaptcha\" id=\"um-1896\" data-mode=\"register\"><\/div>\n\n\n\t<div class=\"um-col-alt\">\n\n\t\t\n\t\t\t<div class=\"um-center\">\n\t\t\t\t<input type=\"submit\" value=\"Registreren\" class=\"um-button\" id=\"um-submit-btn\" \/>\n\t\t\t<\/div>\n\n\t\t\n\t\t<div class=\"um-clear\"><\/div>\n\n\t<\/div>\n\n\t\t\t<\/form>\n\t<\/div>\n<\/div>\n<style>\n\t\t\t.um-1896.um {\n\t\t\tmax-width: 9999px;\n\t\t}\n\t\t<\/style>\n<\/p>\n<\/div>\n\t\t\t\t\t\t<\/div>\n\t\t\t\t<\/div>\n\t\t\t\t\t<\/div>\n\t\t<\/div>\n\t\t\t\t\t<\/div>\n\t\t<\/section>\n\t\t\t\t<\/div>\n\t\t","protected":false},"excerpt":{"rendered":"<p>Join us We are delighted with your interest in joining DABOR. Apart from Corporate DABOR participation (capable to attend with up to 10 representatives), Individual Dabor participation is also possible. The annual contribution for\u00a0individual DABOR participation\u00a0is just \u20ac150.\u00a0 This is an attractive option, since participating in our day event alone is more costly.\u00a0 Corporate DABOR [&hellip;]<\/p>\n","protected":false},"author":1,"featured_media":0,"parent":0,"menu_order":0,"comment_status":"closed","ping_status":"closed","template":"","meta":{"_acf_changed":false,"footnotes":""},"class_list":["post-994","page","type-page","status-publish","hentry"],"acf":[],"_links":{"self":[{"href":"https:\/\/www.dabor.org\/en\/wp-json\/wp\/v2\/pages\/994","targetHints":{"allow":["GET"]}}],"collection":[{"href":"https:\/\/www.dabor.org\/en\/wp-json\/wp\/v2\/pages"}],"about":[{"href":"https:\/\/www.dabor.org\/en\/wp-json\/wp\/v2\/types\/page"}],"author":[{"embeddable":true,"href":"https:\/\/www.dabor.org\/en\/wp-json\/wp\/v2\/users\/1"}],"replies":[{"embeddable":true,"href":"https:\/\/www.dabor.org\/en\/wp-json\/wp\/v2\/comments?post=994"}],"version-history":[{"count":15,"href":"https:\/\/www.dabor.org\/en\/wp-json\/wp\/v2\/pages\/994\/revisions"}],"predecessor-version":[{"id":2845,"href":"https:\/\/www.dabor.org\/en\/wp-json\/wp\/v2\/pages\/994\/revisions\/2845"}],"wp:attachment":[{"href":"https:\/\/www.dabor.org\/en\/wp-json\/wp\/v2\/media?parent=994"}],"curies":[{"name":"wp","href":"https:\/\/api.w.org\/{rel}","templated":true}]}}